{"id":5592,"date":"2019-06-18T10:39:49","date_gmt":"2019-06-18T08:39:49","guid":{"rendered":"https:\/\/www.kalyhaslaci.hu\/site\/?page_id=5592"},"modified":"2021-06-16T08:49:53","modified_gmt":"2021-06-16T07:49:53","slug":"ajanlatkeres","status":"publish","type":"page","link":"https:\/\/www.kalyhaslaci.hu\/site\/ajanlatkeres\/","title":{"rendered":"Aj\u00e1nlatk\u00e9r\u00e9s"},"content":{"rendered":"\t\t<div data-elementor-type=\"wp-post\" data-elementor-id=\"5592\" class=\"elementor elementor-5592\" data-elementor-settings=\"[]\">\n\t\t\t\t\t\t<div class=\"elementor-inner\">\n\t\t\t\t\t\t\t<div class=\"elementor-section-wrap\">\n\t\t\t\t\t\t\t<section class=\"elementor-section elementor-top-section elementor-element elementor-element-e56501e elementor-section-boxed elementor-section-height-default elementor-section-height-default\" data-id=\"e56501e\" data-element_type=\"section\">\n\t\t\t\t\t\t<div class=\"elementor-container elementor-column-gap-default\">\n\t\t\t\t\t\t\t<div class=\"elementor-row\">\n\t\t\t\t\t<div class=\"elementor-column elementor-col-100 elementor-top-column elementor-element elementor-element-43165e8\" data-id=\"43165e8\" data-element_type=\"column\">\n\t\t\t<div class=\"elementor-column-wrap elementor-element-populated\">\n\t\t\t\t\t\t\t<div class=\"elementor-widget-wrap\">\n\t\t\t\t\t\t<div class=\"elementor-element elementor-element-11515ca elementor-widget elementor-widget-counter\" data-id=\"11515ca\" data-element_type=\"widget\" data-widget_type=\"counter.default\">\n\t\t\t\t<div class=\"elementor-widget-container\">\n\t\t\t\t\t<div class=\"elementor-counter\">\n\t\t\t<div class=\"elementor-counter-number-wrapper\">\n\t\t\t\t<span class=\"elementor-counter-number-prefix\"><\/span>\n\t\t\t\t<span class=\"elementor-counter-number\" data-duration=\"2000\" data-to-value=\"324\" data-from-value=\"0\">0<\/span>\n\t\t\t\t<span class=\"elementor-counter-number-suffix\"><\/span>\n\t\t\t<\/div>\n\t\t\t\t\t\t\t<div class=\"elementor-counter-title\">Kiadott aj\u00e1nlatok sz\u00e1ma<\/div>\n\t\t\t\t\t<\/div>\n\t\t\t\t<\/div>\n\t\t\t\t<\/div>\n\t\t\t\t\t\t<\/div>\n\t\t\t\t\t<\/div>\n\t\t<\/div>\n\t\t\t\t\t\t\t\t<\/div>\n\t\t\t\t\t<\/div>\n\t\t<\/section>\n\t\t\t\t<section class=\"elementor-section elementor-top-section elementor-element elementor-element-9647dfe elementor-section-boxed elementor-section-height-default elementor-section-height-default elementor-invisible\" data-id=\"9647dfe\" data-element_type=\"section\" data-settings=\"{&quot;background_background&quot;:&quot;classic&quot;,&quot;animation&quot;:&quot;fadeIn&quot;}\">\n\t\t\t\t\t\t<div class=\"elementor-container elementor-column-gap-default\">\n\t\t\t\t\t\t\t<div class=\"elementor-row\">\n\t\t\t\t\t<div class=\"elementor-column elementor-col-66 elementor-top-column elementor-element elementor-element-f817523\" data-id=\"f817523\" data-element_type=\"column\">\n\t\t\t<div class=\"elementor-column-wrap elementor-element-populated\">\n\t\t\t\t\t\t\t<div class=\"elementor-widget-wrap\">\n\t\t\t\t\t\t<div class=\"elementor-element elementor-element-33302b1 elementor-widget elementor-widget-html\" data-id=\"33302b1\" data-element_type=\"widget\" data-widget_type=\"html.default\">\n\t\t\t\t<div class=\"elementor-widget-container\">\n\t\t\t<div role=\"form\" class=\"wpcf7\" id=\"wpcf7-f10-o1\" lang=\"hu-HU\" dir=\"ltr\">\n<div class=\"screen-reader-response\"><p role=\"status\" aria-live=\"polite\" aria-atomic=\"true\"><\/p> <ul><\/ul><\/div>\n<form action=\"\/site\/wp-json\/wp\/v2\/pages\/5592#wpcf7-f10-o1\" method=\"post\" class=\"wpcf7-form init\" enctype=\"multipart\/form-data\" novalidate=\"novalidate\" data-status=\"init\">\n<div style=\"display: none;\">\n<input type=\"hidden\" name=\"_wpcf7\" value=\"10\" \/>\n<input type=\"hidden\" name=\"_wpcf7_version\" value=\"5.4\" \/>\n<input type=\"hidden\" name=\"_wpcf7_locale\" value=\"hu_HU\" \/>\n<input type=\"hidden\" name=\"_wpcf7_unit_tag\" value=\"wpcf7-f10-o1\" \/>\n<input type=\"hidden\" name=\"_wpcf7_container_post\" value=\"0\" \/>\n<input type=\"hidden\" name=\"_wpcf7_posted_data_hash\" value=\"\" \/>\n<input type=\"hidden\" name=\"_wpcf7_recaptcha_response\" value=\"\" \/>\n<\/div>\n<p><label> Teljes n\u00e9v (k\u00f6telez\u0151)<br \/>\n    <span class=\"wpcf7-form-control-wrap your-name\"><input type=\"text\" name=\"your-name\" value=\"\" size=\"40\" class=\"wpcf7-form-control wpcf7-text wpcf7-validates-as-required\" aria-required=\"true\" aria-invalid=\"false\" placeholder=\"K\u00e9rem, \u00edrja ide a nev\u00e9t\" \/><\/span> <\/label><\/p>\n<p><label> E-mail c\u00edm (k\u00f6telez\u0151)<br \/>\n    <span class=\"wpcf7-form-control-wrap your-email\"><input type=\"email\" name=\"your-email\" value=\"\" size=\"40\" class=\"wpcf7-form-control wpcf7-text wpcf7-email wpcf7-validates-as-required wpcf7-validates-as-email\" aria-required=\"true\" aria-invalid=\"false\" placeholder=\"K\u00e9rem, adja meg az e-mail c\u00edm\u00e9t\" \/><\/span> <\/label><\/p>\n<p><label> Telefonsz\u00e1m (k\u00f6telez\u0151)<br \/>\n    <span class=\"wpcf7-form-control-wrap your-tel-01\"><input type=\"tel\" name=\"your-tel-01\" value=\"\" size=\"40\" class=\"wpcf7-form-control wpcf7-text wpcf7-tel wpcf7-validates-as-required wpcf7-validates-as-tel\" aria-required=\"true\" aria-invalid=\"false\" placeholder=\"K\u00e9rem, adja meg a telefonsz\u00e1m\u00e1t - pl.: +36201234567\" \/><\/span> <\/label><\/p>\n<p><label> F\u0171t\u0151berendez\u00e9s t\u00edpusa? (k\u00e9rem v\u00e1lasszon) (k\u00f6telez\u0151)<br \/>\n    <span class=\"wpcf7-form-control-wrap your-type\"><select name=\"your-type\" class=\"wpcf7-form-control wpcf7-select wpcf7-validates-as-required\" aria-required=\"true\" aria-invalid=\"false\"><option value=\"\">---<\/option><option value=\"Cser\u00e9pk\u00e1lyha\">Cser\u00e9pk\u00e1lyha<\/option><option value=\"T\u00e9glak\u00e1lyha\">T\u00e9glak\u00e1lyha<\/option><option value=\"Kandall\u00f3\">Kandall\u00f3<\/option><option value=\"Kemence\">Kemence<\/option><option value=\"Kerti konyha\">Kerti konyha<\/option><option value=\"Hideg- \u00e9s melegburkol\u00e1s\">Hideg- \u00e9s melegburkol\u00e1s<\/option><\/select><\/span> <\/label><\/p>\n<p><label> Elv\u00e9gzend\u0151 feladat? (k\u00e9rem v\u00e1lasszon) (k\u00f6telez\u0151)<br \/>\n    <span class=\"wpcf7-form-control-wrap your-feladat\"><select name=\"your-feladat\" class=\"wpcf7-form-control wpcf7-select wpcf7-validates-as-required\" aria-required=\"true\" aria-invalid=\"false\"><option value=\"\">---<\/option><option value=\"\u00daj \u00e9p\u00edt\u00e9s \u00faj csemp\u00e9b\u0151l\">\u00daj \u00e9p\u00edt\u00e9s \u00faj csemp\u00e9b\u0151l<\/option><option value=\"\u00daj \u00e9p\u00edt\u00e9s bontott csemp\u00e9b\u0151l\">\u00daj \u00e9p\u00edt\u00e9s bontott csemp\u00e9b\u0151l<\/option><option value=\"Megl\u00e9v\u0151 cser\u00e9pk\u00e1lyha \u00e1trak\u00e1sa\">Megl\u00e9v\u0151 cser\u00e9pk\u00e1lyha \u00e1trak\u00e1sa<\/option><option value=\"Tiszt\u00edt\u00e1s\">Tiszt\u00edt\u00e1s<\/option><option value=\"Karbantart\u00e1s\">Karbantart\u00e1s<\/option><option value=\"Bont\u00e1s\">Bont\u00e1s<\/option><option value=\"Kandall\u00f3 \u00e9p\u00edt\u00e9s\">Kandall\u00f3 \u00e9p\u00edt\u00e9s<\/option><option value=\"Kemence \u00e9p\u00edt\u00e9s\">Kemence \u00e9p\u00edt\u00e9s<\/option><option value=\"Csik\u00f3t\u0171zhely \u00e9p\u00edt\u00e9s\">Csik\u00f3t\u0171zhely \u00e9p\u00edt\u00e9s<\/option><option value=\"Kertikonyha \u00e9p\u00edt\u00e9s\">Kertikonyha \u00e9p\u00edt\u00e9s<\/option><\/select><\/span> <\/label><\/p>\n<p><label> Munkav\u00e9gz\u00e9s helye? (V\u00e1ros\/Helys\u00e9g) (k\u00f6telez\u0151)<br \/>\n    <span class=\"wpcf7-form-control-wrap your-hely\"><input type=\"text\" name=\"your-hely\" value=\"\" size=\"40\" class=\"wpcf7-form-control wpcf7-text wpcf7-validates-as-required\" aria-required=\"true\" aria-invalid=\"false\" placeholder=\"K\u00e9rem, adja meg hol kell a munk\u00e1t elv\u00e9gezni - pl.: Budapest\" \/><\/span> <\/label><\/p>\n<p><label> Milyen id\u0151pontban kereshetem? (k\u00f6telez\u0151)<br \/>\n    <span class=\"wpcf7-form-control-wrap your-time\"><select name=\"your-time\" class=\"wpcf7-form-control wpcf7-select wpcf7-validates-as-required\" aria-required=\"true\" aria-invalid=\"false\"><option value=\"\">---<\/option><option value=\"Eg\u00e9sz nap (09-20 \u00f3r\u00e1ig)\">Eg\u00e9sz nap (09-20 \u00f3r\u00e1ig)<\/option><option value=\"D\u00e9lel\u0151tti \u00f3r\u00e1kban (13 \u00f3ra el\u0151tt)\">D\u00e9lel\u0151tti \u00f3r\u00e1kban (13 \u00f3ra el\u0151tt)<\/option><option value=\"D\u00e9lut\u00e1ni \u00f3r\u00e1kban (13 \u00f3ra ut\u00e1n)\">D\u00e9lut\u00e1ni \u00f3r\u00e1kban (13 \u00f3ra ut\u00e1n)<\/option><option value=\"Este (19 \u00f3ra ut\u00e1n)\">Este (19 \u00f3ra ut\u00e1n)<\/option><\/select><\/span> <\/label><\/p>\n<p><label> Mekkora ter\u00fcletet kell felf\u0171teni?<br \/>\n    <span class=\"wpcf7-form-control-wrap your-terulet\"><input type=\"text\" name=\"your-terulet\" value=\"\" size=\"40\" class=\"wpcf7-form-control wpcf7-text\" aria-invalid=\"false\" placeholder=\"K\u00e9rem, adja meg a ter\u00fclet\u00e9t a helyis\u00e9gnek - pl. 47 nm\" \/><\/span> <\/label><\/p>\n<p><label> \u00dczenet<br \/>\n    <span class=\"wpcf7-form-control-wrap your-message\"><textarea name=\"your-message\" cols=\"40\" rows=\"10\" class=\"wpcf7-form-control wpcf7-textarea\" aria-invalid=\"false\" placeholder=\"K\u00e9rem, \u00edrjon ide p\u00e1r sort...\"><\/textarea><\/span> <\/label><\/p>\n<p><label> K\u00e9p felt\u00f6lt\u00e9se<br \/>\n    <span class=\"wpcf7-form-control-wrap file-893\"><input type=\"file\" name=\"file-893\" size=\"40\" class=\"wpcf7-form-control wpcf7-file\" accept=\".jpg,.jpeg,.bmp,.gif,.png,.pdf\" aria-invalid=\"false\" \/><\/span> <\/label><\/p>\n<span class=\"wpcf7-form-control-wrap recaptcha\"><span data-sitekey=\"6Lcq4K4UAAAAABmv_WtHsyMHVYsZqnvRUvsn3UQS\" class=\"wpcf7-form-control g-recaptcha wpcf7-recaptcha\"><\/span>\r\n<noscript>\r\n\t<div class=\"grecaptcha-noscript\">\r\n\t\t<iframe src=\"https:\/\/www.google.com\/recaptcha\/api\/fallback?k=6Lcq4K4UAAAAABmv_WtHsyMHVYsZqnvRUvsn3UQS\" frameborder=\"0\" scrolling=\"no\" width=\"310\" height=\"430\">\r\n\t\t<\/iframe>\r\n\t\t<textarea name=\"g-recaptcha-response\" rows=\"3\" cols=\"40\" placeholder=\"reCaptcha Response Here\">\r\n\t\t<\/textarea>\r\n\t<\/div>\r\n<\/noscript>\r\n<\/span>\n<p><span class=\"wpcf7-form-control-wrap quiz-25\"><label><span class=\"wpcf7-quiz-label\">12+48=?<\/span> <input type=\"text\" name=\"quiz-25\" size=\"40\" class=\"wpcf7-form-control wpcf7-quiz\" autocomplete=\"off\" aria-required=\"true\" aria-invalid=\"false\" \/><\/label><input type=\"hidden\" name=\"_wpcf7_quiz_answer_quiz-25\" value=\"888cfd3c2330a2a9eb54c3715d26f16e\" \/><\/span><\/p>\n<p><input type=\"submit\" value=\"\u00c1raj\u00e1nlatk\u00e9r\u00e9s elk\u00fcld\u00e9se\" class=\"wpcf7-form-control wpcf7-submit\" \/><\/p>\n<div class=\"fusion-alert alert custom alert-custom fusion-alert-center wpcf7-response-output alert-dismissable\" style=\"border-width:1px;\"><button type=\"button\" class=\"close toggle-alert\" data-dismiss=\"alert\" aria-hidden=\"true\">&times;<\/button><div class=\"fusion-alert-content-wrapper\"><span class=\"fusion-alert-content\"><\/span><\/div><\/div><\/form><\/div>\t\t<\/div>\n\t\t\t\t<\/div>\n\t\t\t\t\t\t<\/div>\n\t\t\t\t\t<\/div>\n\t\t<\/div>\n\t\t\t\t<div class=\"elementor-column elementor-col-33 elementor-top-column elementor-element elementor-element-af03d7e\" data-id=\"af03d7e\" data-element_type=\"column\">\n\t\t\t<div class=\"elementor-column-wrap elementor-element-populated\">\n\t\t\t\t\t\t\t<div class=\"elementor-widget-wrap\">\n\t\t\t\t\t\t<div class=\"elementor-element elementor-element-f116919 elementor-shape-rounded elementor-grid-0 e-grid-align-center elementor-widget elementor-widget-social-icons\" data-id=\"f116919\" data-element_type=\"widget\" data-widget_type=\"social-icons.default\">\n\t\t\t\t<div class=\"elementor-widget-container\">\n\t\t\t\t\t<div class=\"elementor-social-icons-wrapper elementor-grid\">\n\t\t\t\t\t\t\t<div class=\"elementor-grid-item\">\n\t\t\t\t\t<a class=\"elementor-icon elementor-social-icon elementor-social-icon-facebook-f elementor-animation-pop elementor-repeater-item-9f69eb8\" href=\"https:\/\/www.facebook.com\/levai.cserepkalyha.epites\/\" target=\"_blank\">\n\t\t\t\t\t\t<span class=\"elementor-screen-only\">Facebook-f<\/span>\n\t\t\t\t\t\t<i class=\"fab fa-facebook-f\"><\/i>\t\t\t\t\t<\/a>\n\t\t\t\t<\/div>\n\t\t\t\t\t\t\t<div class=\"elementor-grid-item\">\n\t\t\t\t\t<a class=\"elementor-icon elementor-social-icon elementor-social-icon-instagram elementor-animation-pop elementor-repeater-item-6f9de71\" href=\"https:\/\/www.instagram.com\/kalyhaslaci\/\" target=\"_blank\">\n\t\t\t\t\t\t<span class=\"elementor-screen-only\">Instagram<\/span>\n\t\t\t\t\t\t<i class=\"fab fa-instagram\"><\/i>\t\t\t\t\t<\/a>\n\t\t\t\t<\/div>\n\t\t\t\t\t\t\t<div class=\"elementor-grid-item\">\n\t\t\t\t\t<a class=\"elementor-icon elementor-social-icon elementor-social-icon-pinterest elementor-animation-pop elementor-repeater-item-872e559\" href=\"https:\/\/hu.pinterest.com\/kalyhaslaci\/\" target=\"_blank\">\n\t\t\t\t\t\t<span class=\"elementor-screen-only\">Pinterest<\/span>\n\t\t\t\t\t\t<i class=\"fab fa-pinterest\"><\/i>\t\t\t\t\t<\/a>\n\t\t\t\t<\/div>\n\t\t\t\t\t\t\t<div class=\"elementor-grid-item\">\n\t\t\t\t\t<a class=\"elementor-icon elementor-social-icon elementor-social-icon-linkedin-in elementor-animation-pop elementor-repeater-item-3ea2895\" href=\"https:\/\/hu.linkedin.com\/in\/l%C3%A9vai-l%C3%A1szl%C3%B3-2161b3188\" target=\"_blank\">\n\t\t\t\t\t\t<span class=\"elementor-screen-only\">Linkedin-in<\/span>\n\t\t\t\t\t\t<i class=\"fab fa-linkedin-in\"><\/i>\t\t\t\t\t<\/a>\n\t\t\t\t<\/div>\n\t\t\t\t\t\t\t<div class=\"elementor-grid-item\">\n\t\t\t\t\t<a class=\"elementor-icon elementor-social-icon elementor-social-icon-youtube elementor-animation-pop elementor-repeater-item-7f48f0b\" href=\"https:\/\/www.youtube.com\/channel\/UCU4-NS9FYkFXKQvpbOHIWhg\/videos\" target=\"_blank\">\n\t\t\t\t\t\t<span class=\"elementor-screen-only\">Youtube<\/span>\n\t\t\t\t\t\t<i class=\"fab fa-youtube\"><\/i>\t\t\t\t\t<\/a>\n\t\t\t\t<\/div>\n\t\t\t\t\t<\/div>\n\t\t\t\t<\/div>\n\t\t\t\t<\/div>\n\t\t\t\t\t\t<\/div>\n\t\t\t\t\t<\/div>\n\t\t<\/div>\n\t\t\t\t\t\t\t\t<\/div>\n\t\t\t\t\t<\/div>\n\t\t<\/section>\n\t\t\t\t\t\t<\/div>\n\t\t\t\t\t\t<\/div>\n\t\t\t\t\t<\/div>\n\t\t","protected":false},"excerpt":{"rendered":"<p>0 Kiadott aj\u00e1nlatok sz\u00e1ma Facebook-f Instagram Pinterest Linkedin-in Youtube<\/p>\n","protected":false},"author":1,"featured_media":0,"parent":0,"menu_order":4,"comment_status":"closed","ping_status":"closed","template":"","meta":{"ngg_post_thumbnail":0},"yoast_head":"<!-- This site is optimized with the Yoast SEO plugin v16.5 - https:\/\/yoast.com\/wordpress\/plugins\/seo\/ -->\n<title>Aj\u00e1nlatk\u00e9r\u00e9s &raquo; K\u00e1lyh\u00e1s Laci<\/title>\n<meta name=\"description\" content=\"ONLINE AJ\u00c1NLATK\u00c9R\u00c9S! Mint tudjuk nincs k\u00e9t egyforma cser\u00e9pk\u00e1lyha, kandall\u00f3, kerti konyha vagy kemence. Adja meg a legf\u0151bb param\u00e9terek, mi felvessz\u00fck \u00d6nnel kapcsolatot.\" \/>\n<meta name=\"robots\" content=\"index, follow, max-snippet:-1, max-image-preview:large, max-video-preview:-1\" \/>\n<link rel=\"canonical\" href=\"https:\/\/www.kalyhaslaci.hu\/site\/ajanlatkeres\/\" \/>\n<meta property=\"og:locale\" content=\"hu_HU\" \/>\n<meta property=\"og:type\" content=\"article\" \/>\n<meta property=\"og:title\" content=\"Aj\u00e1nlatk\u00e9r\u00e9s &raquo; K\u00e1lyh\u00e1s Laci\" \/>\n<meta property=\"og:description\" content=\"ONLINE AJ\u00c1NLATK\u00c9R\u00c9S! Mint tudjuk nincs k\u00e9t egyforma cser\u00e9pk\u00e1lyha, kandall\u00f3, kerti konyha vagy kemence. Adja meg a legf\u0151bb param\u00e9terek, mi felvessz\u00fck \u00d6nnel kapcsolatot.\" \/>\n<meta property=\"og:url\" content=\"https:\/\/www.kalyhaslaci.hu\/site\/ajanlatkeres\/\" \/>\n<meta property=\"og:site_name\" content=\"K\u00e1lyh\u00e1s Laci\" \/>\n<meta property=\"article:publisher\" content=\"https:\/\/www.facebook.com\/levai.cserepkalyha.epites\" \/>\n<meta property=\"article:modified_time\" content=\"2021-06-16T07:49:53+00:00\" \/>\n<meta name=\"twitter:card\" content=\"summary_large_image\" \/>\n<meta name=\"twitter:label1\" content=\"Becs\u00fclt olvas\u00e1si id\u0151\" \/>\n\t<meta name=\"twitter:data1\" content=\"1 perc\" \/>\n<script type=\"application\/ld+json\" class=\"yoast-schema-graph\">{\"@context\":\"https:\/\/schema.org\",\"@graph\":[{\"@type\":\"Organization\",\"@id\":\"https:\/\/www.kalyhaslaci.hu\/site\/#organization\",\"name\":\"L\\u00e9vai cser\\u00e9pk\\u00e1lyha | kalyhaslaci.hu\",\"url\":\"https:\/\/www.kalyhaslaci.hu\/site\/\",\"sameAs\":[\"https:\/\/www.facebook.com\/levai.cserepkalyha.epites\",\"https:\/\/www.instagram.com\/kalyhaslaci\/\",\"https:\/\/www.linkedin.com\/in\/l\\u00e9vai-l\\u00e1szl\\u00f3-2161b3188\/\",\"https:\/\/www.youtube.com\/channel\/UCU4-NS9FYkFXKQvpbOHIWhg\",\"https:\/\/hu.pinterest.com\/kalyhaslaci\/\"],\"logo\":{\"@type\":\"ImageObject\",\"@id\":\"https:\/\/www.kalyhaslaci.hu\/site\/#logo\",\"inLanguage\":\"hu\",\"url\":\"https:\/\/www.kalyhaslaci.hu\/site\/wp-content\/uploads\/2019\/06\/cserepkalyha-keszites-logo-200x200px.png\",\"contentUrl\":\"https:\/\/www.kalyhaslaci.hu\/site\/wp-content\/uploads\/2019\/06\/cserepkalyha-keszites-logo-200x200px.png\",\"width\":140,\"height\":140,\"caption\":\"L\\u00e9vai cser\\u00e9pk\\u00e1lyha | kalyhaslaci.hu\"},\"image\":{\"@id\":\"https:\/\/www.kalyhaslaci.hu\/site\/#logo\"}},{\"@type\":\"WebSite\",\"@id\":\"https:\/\/www.kalyhaslaci.hu\/site\/#website\",\"url\":\"https:\/\/www.kalyhaslaci.hu\/site\/\",\"name\":\"kalyhaslaci.hu\",\"description\":\"L\\u00e9vai L\\u00e1szl\\u00f3: Min\\u0151s\\u00e9gi cser\\u00e9pk\\u00e1lyha, kandall\\u00f3, kemence, kerti konyha tervez\\u00e9s, \\u00e9p\\u00edt\\u00e9s, bont\\u00e1s, karbantart\\u00e1s | kalyhaslaci.hu\",\"publisher\":{\"@id\":\"https:\/\/www.kalyhaslaci.hu\/site\/#organization\"},\"potentialAction\":[{\"@type\":\"SearchAction\",\"target\":\"https:\/\/www.kalyhaslaci.hu\/site\/?s={search_term_string}\",\"query-input\":\"required name=search_term_string\"}],\"inLanguage\":\"hu\"},{\"@type\":\"WebPage\",\"@id\":\"https:\/\/www.kalyhaslaci.hu\/site\/ajanlatkeres\/#webpage\",\"url\":\"https:\/\/www.kalyhaslaci.hu\/site\/ajanlatkeres\/\",\"name\":\"Aj\\u00e1nlatk\\u00e9r\\u00e9s &raquo; K\\u00e1lyh\\u00e1s Laci\",\"isPartOf\":{\"@id\":\"https:\/\/www.kalyhaslaci.hu\/site\/#website\"},\"datePublished\":\"2019-06-18T08:39:49+00:00\",\"dateModified\":\"2021-06-16T07:49:53+00:00\",\"description\":\"ONLINE AJ\\u00c1NLATK\\u00c9R\\u00c9S! Mint tudjuk nincs k\\u00e9t egyforma cser\\u00e9pk\\u00e1lyha, kandall\\u00f3, kerti konyha vagy kemence. Adja meg a legf\\u0151bb param\\u00e9terek, mi felvessz\\u00fck \\u00d6nnel kapcsolatot.\",\"breadcrumb\":{\"@id\":\"https:\/\/www.kalyhaslaci.hu\/site\/ajanlatkeres\/#breadcrumb\"},\"inLanguage\":\"hu\",\"potentialAction\":[{\"@type\":\"ReadAction\",\"target\":[\"https:\/\/www.kalyhaslaci.hu\/site\/ajanlatkeres\/\"]}]},{\"@type\":\"BreadcrumbList\",\"@id\":\"https:\/\/www.kalyhaslaci.hu\/site\/ajanlatkeres\/#breadcrumb\",\"itemListElement\":[{\"@type\":\"ListItem\",\"position\":1,\"name\":\"Home\",\"item\":\"https:\/\/www.kalyhaslaci.hu\/site\/\"},{\"@type\":\"ListItem\",\"position\":2,\"name\":\"Aj\\u00e1nlatk\\u00e9r\\u00e9s\"}]}]}<\/script>\n<!-- \/ Yoast SEO plugin. -->","_links":{"self":[{"href":"https:\/\/www.kalyhaslaci.hu\/site\/wp-json\/wp\/v2\/pages\/5592"}],"collection":[{"href":"https:\/\/www.kalyhaslaci.hu\/site\/wp-json\/wp\/v2\/pages"}],"about":[{"href":"https:\/\/www.kalyhaslaci.hu\/site\/wp-json\/wp\/v2\/types\/page"}],"author":[{"embeddable":true,"href":"https:\/\/www.kalyhaslaci.hu\/site\/wp-json\/wp\/v2\/users\/1"}],"replies":[{"embeddable":true,"href":"https:\/\/www.kalyhaslaci.hu\/site\/wp-json\/wp\/v2\/comments?post=5592"}],"version-history":[{"count":47,"href":"https:\/\/www.kalyhaslaci.hu\/site\/wp-json\/wp\/v2\/pages\/5592\/revisions"}],"predecessor-version":[{"id":18625,"href":"https:\/\/www.kalyhaslaci.hu\/site\/wp-json\/wp\/v2\/pages\/5592\/revisions\/18625"}],"wp:attachment":[{"href":"https:\/\/www.kalyhaslaci.hu\/site\/wp-json\/wp\/v2\/media?parent=5592"}],"curies":[{"name":"wp","href":"https:\/\/api.w.org\/{rel}","templated":true}]}}